{"id":81,"date":"2018-02-01T04:44:13","date_gmt":"2018-02-01T09:44:13","guid":{"rendered":"https:\/\/opemisca.com\/blog\/panier\/"},"modified":"2025-04-16T15:21:19","modified_gmt":"2025-04-16T19:21:19","slug":"panier","status":"publish","type":"page","link":"https:\/\/opemisca.com\/blog\/panier\/","title":{"rendered":"Panier"},"content":{"rendered":"\n","protected":false},"excerpt":{"rendered":"","protected":false},"author":1,"featured_media":0,"parent":0,"menu_order":0,"comment_status":"closed","ping_status":"closed","template":"","meta":{"_monsterinsights_skip_tracking":false,"_monsterinsights_sitenote_active":false,"_monsterinsights_sitenote_note":"","_monsterinsights_sitenote_category":0,"jetpack_post_was_ever_published":false,"footnotes":""},"class_list":["post-81","page","type-page","status-publish","hentry"],"yoast_head":"<!-- This site is optimized with the Yoast SEO plugin v26.6 - https:\/\/yoast.com\/wordpress\/plugins\/seo\/ -->\n<title>Panier - Les Leurres Op\u00e9misca<\/title>\n<meta name=\"robots\" content=\"index, follow, max-snippet:-1, max-image-preview:large, max-video-preview:-1\" \/>\n<link rel=\"canonical\" href=\"https:\/\/opemisca.com\/blog\/panier\/\" \/>\n<meta property=\"og:locale\" content=\"fr_FR\" \/>\n<meta property=\"og:type\" content=\"article\" \/>\n<meta property=\"og:title\" content=\"Panier - Les Leurres Op\u00e9misca\" \/>\n<meta property=\"og:url\" content=\"https:\/\/opemisca.com\/blog\/panier\/\" \/>\n<meta property=\"og:site_name\" content=\"Les Leurres Op\u00e9misca\" \/>\n<meta property=\"article:publisher\" content=\"https:\/\/www.facebook.com\/lesleurresopemisca\/\" \/>\n<meta property=\"article:modified_time\" content=\"2025-04-16T19:21:19+00:00\" \/>\n<meta property=\"og:image\" content=\"https:\/\/i0.wp.com\/opemisca.com\/blog\/wp-content\/uploads\/2018\/12\/bubblebladepub.png?fit=1200%2C630&ssl=1\" \/>\n\t<meta property=\"og:image:width\" content=\"1200\" \/>\n\t<meta property=\"og:image:height\" content=\"630\" \/>\n\t<meta property=\"og:image:type\" content=\"image\/png\" \/>\n<meta name=\"twitter:card\" content=\"summary_large_image\" \/>\n<meta name=\"twitter:label1\" content=\"Dur\u00e9e de lecture estim\u00e9e\" \/>\n\t<meta name=\"twitter:data1\" content=\"1 minute\" \/>\n<script type=\"application\/ld+json\" class=\"yoast-schema-graph\">{\"@context\":\"https:\/\/schema.org\",\"@graph\":[{\"@type\":\"WebPage\",\"@id\":\"https:\/\/opemisca.com\/blog\/panier\/\",\"url\":\"https:\/\/opemisca.com\/blog\/panier\/\",\"name\":\"Panier - Les Leurres Op\u00e9misca\",\"isPartOf\":{\"@id\":\"https:\/\/opemisca.com\/blog\/#website\"},\"datePublished\":\"2018-02-01T09:44:13+00:00\",\"dateModified\":\"2025-04-16T19:21:19+00:00\",\"breadcrumb\":{\"@id\":\"https:\/\/opemisca.com\/blog\/panier\/#breadcrumb\"},\"inLanguage\":\"fr-FR\",\"potentialAction\":[{\"@type\":\"ReadAction\",\"target\":[\"https:\/\/opemisca.com\/blog\/panier\/\"]}]},{\"@type\":\"BreadcrumbList\",\"@id\":\"https:\/\/opemisca.com\/blog\/panier\/#breadcrumb\",\"itemListElement\":[{\"@type\":\"ListItem\",\"position\":1,\"name\":\"Accueil\",\"item\":\"https:\/\/opemisca.com\/blog\/\"},{\"@type\":\"ListItem\",\"position\":2,\"name\":\"Panier\"}]},{\"@type\":\"WebSite\",\"@id\":\"https:\/\/opemisca.com\/blog\/#website\",\"url\":\"https:\/\/opemisca.com\/blog\/\",\"name\":\"Les Leurres Op\u00e9misca\",\"description\":\"Passionn\u00e9 de p\u00eache sportive\",\"publisher\":{\"@id\":\"https:\/\/opemisca.com\/blog\/#organization\"},\"potentialAction\":[{\"@type\":\"SearchAction\",\"target\":{\"@type\":\"EntryPoint\",\"urlTemplate\":\"https:\/\/opemisca.com\/blog\/?s={search_term_string}\"},\"query-input\":{\"@type\":\"PropertyValueSpecification\",\"valueRequired\":true,\"valueName\":\"search_term_string\"}}],\"inLanguage\":\"fr-FR\"},{\"@type\":\"Organization\",\"@id\":\"https:\/\/opemisca.com\/blog\/#organization\",\"name\":\"Les Leurres Op\u00e9misca\",\"url\":\"https:\/\/opemisca.com\/blog\/\",\"logo\":{\"@type\":\"ImageObject\",\"inLanguage\":\"fr-FR\",\"@id\":\"https:\/\/opemisca.com\/blog\/#\/schema\/logo\/image\/\",\"url\":\"https:\/\/i0.wp.com\/opemisca.com\/blog\/wp-content\/uploads\/2018\/07\/logosharp.png?fit=357%2C213&ssl=1\",\"contentUrl\":\"https:\/\/i0.wp.com\/opemisca.com\/blog\/wp-content\/uploads\/2018\/07\/logosharp.png?fit=357%2C213&ssl=1\",\"width\":357,\"height\":213,\"caption\":\"Les Leurres Op\u00e9misca\"},\"image\":{\"@id\":\"https:\/\/opemisca.com\/blog\/#\/schema\/logo\/image\/\"},\"sameAs\":[\"https:\/\/www.facebook.com\/lesleurresopemisca\/\"]}]}<\/script>\n<!-- \/ Yoast SEO plugin. -->","yoast_head_json":{"title":"Panier - Les Leurres Op\u00e9misca","robots":{"index":"index","follow":"follow","max-snippet":"max-snippet:-1","max-image-preview":"max-image-preview:large","max-video-preview":"max-video-preview:-1"},"canonical":"https:\/\/opemisca.com\/blog\/panier\/","og_locale":"fr_FR","og_type":"article","og_title":"Panier - Les Leurres Op\u00e9misca","og_url":"https:\/\/opemisca.com\/blog\/panier\/","og_site_name":"Les Leurres Op\u00e9misca","article_publisher":"https:\/\/www.facebook.com\/lesleurresopemisca\/","article_modified_time":"2025-04-16T19:21:19+00:00","og_image":[{"width":1200,"height":630,"url":"https:\/\/i0.wp.com\/opemisca.com\/blog\/wp-content\/uploads\/2018\/12\/bubblebladepub.png?fit=1200%2C630&ssl=1","type":"image\/png"}],"twitter_card":"summary_large_image","twitter_misc":{"Dur\u00e9e de lecture estim\u00e9e":"1 minute"},"schema":{"@context":"https:\/\/schema.org","@graph":[{"@type":"WebPage","@id":"https:\/\/opemisca.com\/blog\/panier\/","url":"https:\/\/opemisca.com\/blog\/panier\/","name":"Panier - Les Leurres Op\u00e9misca","isPartOf":{"@id":"https:\/\/opemisca.com\/blog\/#website"},"datePublished":"2018-02-01T09:44:13+00:00","dateModified":"2025-04-16T19:21:19+00:00","breadcrumb":{"@id":"https:\/\/opemisca.com\/blog\/panier\/#breadcrumb"},"inLanguage":"fr-FR","potentialAction":[{"@type":"ReadAction","target":["https:\/\/opemisca.com\/blog\/panier\/"]}]},{"@type":"BreadcrumbList","@id":"https:\/\/opemisca.com\/blog\/panier\/#breadcrumb","itemListElement":[{"@type":"ListItem","position":1,"name":"Accueil","item":"https:\/\/opemisca.com\/blog\/"},{"@type":"ListItem","position":2,"name":"Panier"}]},{"@type":"WebSite","@id":"https:\/\/opemisca.com\/blog\/#website","url":"https:\/\/opemisca.com\/blog\/","name":"Les Leurres Op\u00e9misca","description":"Passionn\u00e9 de p\u00eache sportive","publisher":{"@id":"https:\/\/opemisca.com\/blog\/#organization"},"potentialAction":[{"@type":"SearchAction","target":{"@type":"EntryPoint","urlTemplate":"https:\/\/opemisca.com\/blog\/?s={search_term_string}"},"query-input":{"@type":"PropertyValueSpecification","valueRequired":true,"valueName":"search_term_string"}}],"inLanguage":"fr-FR"},{"@type":"Organization","@id":"https:\/\/opemisca.com\/blog\/#organization","name":"Les Leurres Op\u00e9misca","url":"https:\/\/opemisca.com\/blog\/","logo":{"@type":"ImageObject","inLanguage":"fr-FR","@id":"https:\/\/opemisca.com\/blog\/#\/schema\/logo\/image\/","url":"https:\/\/i0.wp.com\/opemisca.com\/blog\/wp-content\/uploads\/2018\/07\/logosharp.png?fit=357%2C213&ssl=1","contentUrl":"https:\/\/i0.wp.com\/opemisca.com\/blog\/wp-content\/uploads\/2018\/07\/logosharp.png?fit=357%2C213&ssl=1","width":357,"height":213,"caption":"Les Leurres Op\u00e9misca"},"image":{"@id":"https:\/\/opemisca.com\/blog\/#\/schema\/logo\/image\/"},"sameAs":["https:\/\/www.facebook.com\/lesleurresopemisca\/"]}]}},"jetpack_sharing_enabled":true,"jetpack_shortlink":"https:\/\/wp.me\/P9ClBa-1j","jetpack_likes_enabled":true,"jetpack-related-posts":[],"_links":{"self":[{"href":"https:\/\/opemisca.com\/blog\/wp-json\/wp\/v2\/pages\/81","targetHints":{"allow":["GET"]}}],"collection":[{"href":"https:\/\/opemisca.com\/blog\/wp-json\/wp\/v2\/pages"}],"about":[{"href":"https:\/\/opemisca.com\/blog\/wp-json\/wp\/v2\/types\/page"}],"author":[{"embeddable":true,"href":"https:\/\/opemisca.com\/blog\/wp-json\/wp\/v2\/users\/1"}],"replies":[{"embeddable":true,"href":"https:\/\/opemisca.com\/blog\/wp-json\/wp\/v2\/comments?post=81"}],"version-history":[{"count":1,"href":"https:\/\/opemisca.com\/blog\/wp-json\/wp\/v2\/pages\/81\/revisions"}],"predecessor-version":[{"id":4115,"href":"https:\/\/opemisca.com\/blog\/wp-json\/wp\/v2\/pages\/81\/revisions\/4115"}],"wp:attachment":[{"href":"https:\/\/opemisca.com\/blog\/wp-json\/wp\/v2\/media?parent=81"}],"curies":[{"name":"wp","href":"https:\/\/api.w.org\/{rel}","templated":true}]}}