{"id":4860,"date":"2025-04-16T18:49:28","date_gmt":"2025-04-16T22:49:28","guid":{"rendered":"https:\/\/opemisca.com\/blog\/?post_type=product&#038;p=4860"},"modified":"2025-06-28T08:51:17","modified_gmt":"2025-06-28T12:51:17","slug":"ensemble-truite-mouchetee","status":"publish","type":"product","link":"https:\/\/opemisca.com\/blog\/produit\/ensemble-truite-mouchetee\/","title":{"rendered":"Ensemble Truite mouchet\u00e9e !!"},"content":{"rendered":"<p><img data-recalc-dims=\"1\" loading=\"lazy\" decoding=\"async\" data-attachment-id=\"4885\" data-permalink=\"https:\/\/opemisca.com\/blog\/?attachment_id=4885\" data-orig-file=\"https:\/\/i0.wp.com\/opemisca.com\/blog\/wp-content\/uploads\/2025\/04\/67967850_2326113550803652_4874447745319960576_n.jpg?fit=1526%2C2048&amp;ssl=1\" data-orig-size=\"1526,2048\" data-comments-opened=\"1\" data-image-meta=\"{&quot;aperture&quot;:&quot;0&quot;,&quot;credit&quot;:&quot;&quot;,&quot;camera&quot;:&quot;&quot;,&quot;caption&quot;:&quot;&quot;,&quot;created_timestamp&quot;:&quot;0&quot;,&quot;copyright&quot;:&quot;&quot;,&quot;focal_length&quot;:&quot;0&quot;,&quot;iso&quot;:&quot;0&quot;,&quot;shutter_speed&quot;:&quot;0&quot;,&quot;title&quot;:&quot;&quot;,&quot;orientation&quot;:&quot;0&quot;}\" data-image-title=\"67967850_2326113550803652_4874447745319960576_n\" data-image-description=\"\" data-image-caption=\"\" data-medium-file=\"https:\/\/i0.wp.com\/opemisca.com\/blog\/wp-content\/uploads\/2025\/04\/67967850_2326113550803652_4874447745319960576_n.jpg?fit=224%2C300&amp;ssl=1\" data-large-file=\"https:\/\/i0.wp.com\/opemisca.com\/blog\/wp-content\/uploads\/2025\/04\/67967850_2326113550803652_4874447745319960576_n.jpg?fit=763%2C1024&amp;ssl=1\" class=\"size-medium wp-image-4885 alignleft\" src=\"https:\/\/i0.wp.com\/opemisca.com\/blog\/wp-content\/uploads\/2025\/04\/67967850_2326113550803652_4874447745319960576_n.jpg?resize=224%2C300&#038;ssl=1\" alt=\"\" width=\"224\" height=\"300\" srcset=\"https:\/\/i0.wp.com\/opemisca.com\/blog\/wp-content\/uploads\/2025\/04\/67967850_2326113550803652_4874447745319960576_n.jpg?resize=224%2C300&amp;ssl=1 224w, https:\/\/i0.wp.com\/opemisca.com\/blog\/wp-content\/uploads\/2025\/04\/67967850_2326113550803652_4874447745319960576_n.jpg?resize=1145%2C1536&amp;ssl=1 1145w, https:\/\/i0.wp.com\/opemisca.com\/blog\/wp-content\/uploads\/2025\/04\/67967850_2326113550803652_4874447745319960576_n.jpg?resize=416%2C558&amp;ssl=1 416w, https:\/\/i0.wp.com\/opemisca.com\/blog\/wp-content\/uploads\/2025\/04\/67967850_2326113550803652_4874447745319960576_n.jpg?resize=768%2C1031&amp;ssl=1 768w, https:\/\/i0.wp.com\/opemisca.com\/blog\/wp-content\/uploads\/2025\/04\/67967850_2326113550803652_4874447745319960576_n.jpg?resize=763%2C1024&amp;ssl=1 763w, https:\/\/i0.wp.com\/opemisca.com\/blog\/wp-content\/uploads\/2025\/04\/67967850_2326113550803652_4874447745319960576_n.jpg?w=1526&amp;ssl=1 1526w\" sizes=\"auto, (max-width: 224px) 100vw, 224px\" \/>Ensemble Truite Mouchet\u00e9e \u2013 L&rsquo;arme secr\u00e8te des p\u00eacheurs avertis ! Transformez vos sorties de p\u00eache en v\u00e9ritables succ\u00e8s avec cet ensemble con\u00e7u pour les amateurs comme pour les experts ! Il inclut :<\/p>\n<p><strong><span style=\"color: #ff6600;\">Livret de cartes plastifi\u00e9es exclusives : Des astuces et techniques de professionnels pour d\u00e9busquer les plus belles truites mouchet\u00e9es<\/span>.<\/strong> Chaque carte est waterproof pour une utilisation pratique sur le terrain.<\/p>\n<p><span style=\"color: #ffff00;\"><strong><span style=\"color: #ff6600;\">Trois cuill\u00e8res vari\u00e9es : Des tailles et couleurs distinctes, peinte \u00e0 la main, id\u00e9ales pour s\u00e9duire les truites dans toutes les conditions<\/span>.<\/strong> <\/span>Ces leurres soigneusement s\u00e9lectionn\u00e9s maximisent vos chances d\u2019une prise spectaculaire.<\/p>\n<p>Que ce soit pour explorer un lac paisible ou dompter une rivi\u00e8re agit\u00e9e, cet ensemble est votre alli\u00e9 ultime pour capturer de grosses truites mouchet\u00e9es. Ne laissez plus vos troph\u00e9es vous \u00e9chapper \u2013 optez pour la qualit\u00e9 et l\u2019expertise d\u00e8s aujourd\u2019hui !<\/p>\n<p>&nbsp;<\/p>\n<p>&nbsp;<\/p>\n<p style=\"text-align: center;\"><strong>** LE CHOIX DU MOD\u00c8LE DE CUILLI\u00c8RE EST DIFF\u00c9RENT DANS CHAQUE ENSEMBLE\u00a0 **<\/strong><\/p>\n<p style=\"text-align: center;\"><strong>** TOUT LES ENVOIS SE FONT LES MERCREDIS PAR LA POSTE STANDARD ET SONT GRATUIT **<\/strong><\/p>\n","protected":false},"excerpt":{"rendered":"<p>Ensemble Truite Mouchet\u00e9e \u2013 L&rsquo;arme secr\u00e8te des p\u00eacheurs avertis ! Transformez vos sorties de p\u00eache en v\u00e9ritables succ\u00e8s avec cet ensemble con\u00e7u pour les amateurs<img loading=\"lazy\" decoding=\"async\" class=\"alignright wp-image-4917 size-medium\" src=\"https:\/\/opemisca.com\/blog\/wp-content\/uploads\/2025\/04\/IMG_20210503_142349814_BURST000_COVER_TOP2-225x300.jpg\" alt=\"\" width=\"225\" height=\"300\" srcset=\"https:\/\/i0.wp.com\/opemisca.com\/blog\/wp-content\/uploads\/2025\/04\/IMG_20210503_142349814_BURST000_COVER_TOP2.jpg?resize=225%2C300&amp;ssl=1 225w, https:\/\/i0.wp.com\/opemisca.com\/blog\/wp-content\/uploads\/2025\/04\/IMG_20210503_142349814_BURST000_COVER_TOP2.jpg?resize=416%2C554&amp;ssl=1 416w, https:\/\/i0.wp.com\/opemisca.com\/blog\/wp-content\/uploads\/2025\/04\/IMG_20210503_142349814_BURST000_COVER_TOP2.jpg?resize=768%2C1024&amp;ssl=1 768w, https:\/\/i0.wp.com\/opemisca.com\/blog\/wp-content\/uploads\/2025\/04\/IMG_20210503_142349814_BURST000_COVER_TOP2.jpg?w=1076&amp;ssl=1 1076w\" sizes=\"auto, (max-width: 225px) 100vw, 225px\" \/> comme pour les experts ! Il inclut :<\/p>\n<p><strong><span style=\"color: #ff6600;\">Livret de cartes plastifi\u00e9es exclusives : Des astuces et techniques de professionnels pour d\u00e9busquer les plus belles truites mouchet\u00e9es<\/span>.<\/strong> Chaque carte est waterproof pour une utilisation pratique sur le terrain.<\/p>\n<p><strong><span style=\"color: #ff6600;\">Trois cuill\u00e8res vari\u00e9es : Des tailles et couleurs distinctes, peinte \u00e0 la main, id\u00e9ales pour s\u00e9duire les truites dans toutes les conditions<\/span>.<\/strong> Ces leurres soigneusement s\u00e9lectionn\u00e9s maximisent vos chances d\u2019une prise spectaculaire.<\/p>\n<p>Que ce soit pour explorer un lac paisible ou dompter une rivi\u00e8re agit\u00e9e, cet ensemble est votre alli\u00e9 ultime pour capturer de grosses truites mouchet\u00e9es. Ne laissez plus vos troph\u00e9es vous \u00e9chapper \u2013 optez pour la qualit\u00e9 et l\u2019expertise d\u00e8s aujourd\u2019hui !<\/p>\n<p style=\"text-align: center;\"><strong>** LE CHOIX DU MOD\u00c8LE DE CUILLI\u00c8RE EST DIFF\u00c9RENT DANS CHAQUE ENSEMBLE\u00a0 **<\/strong><\/p>\n<p style=\"text-align: center;\"><strong>** TOUT LES ENVOIS SE FONT LES MERCREDIS PAR LA POSTE STANDARD ET SONT GRATUIT**<\/strong><\/p>\n","protected":false},"featured_media":4874,"template":"","meta":{"_monsterinsights_skip_tracking":false,"_monsterinsights_sitenote_active":false,"_monsterinsights_sitenote_note":"","_monsterinsights_sitenote_category":0,"jetpack_post_was_ever_published":true,"jetpack_publicize_message":"","jetpack_publicize_feature_enabled":true,"jetpack_social_post_already_shared":true,"jetpack_social_options":{"image_generator_settings":{"template":"highway","default_image_id":0,"font":"","enabled":false},"version":2}},"product_brand":[],"product_cat":[32],"product_tag":[],"class_list":{"0":"post-4860","1":"product","2":"type-product","3":"status-publish","4":"has-post-thumbnail","6":"product_cat-limitedrelease","7":"product_shipping_class-gratuite","9":"first","10":"instock","11":"shipping-taxable","12":"purchasable","13":"product-type-simple"},"yoast_head":"<!-- This site is optimized with the Yoast SEO plugin v26.6 - https:\/\/yoast.com\/wordpress\/plugins\/seo\/ -->\n<title>Ensemble Truite mouchet\u00e9e !! - Les Leurres Op\u00e9misca<\/title>\n<meta name=\"robots\" content=\"index, follow, max-snippet:-1, max-image-preview:large, max-video-preview:-1\" \/>\n<link rel=\"canonical\" href=\"https:\/\/opemisca.com\/blog\/produit\/ensemble-truite-mouchetee\/\" \/>\n<meta property=\"og:locale\" content=\"fr_FR\" \/>\n<meta property=\"og:type\" content=\"article\" \/>\n<meta property=\"og:title\" content=\"Ensemble Truite mouchet\u00e9e !! - Les Leurres Op\u00e9misca\" \/>\n<meta property=\"og:description\" content=\"Ensemble Truite Mouchet\u00e9e \u2013 L&#039;arme secr\u00e8te des p\u00eacheurs avertis ! Transformez vos sorties de p\u00eache en v\u00e9ritables succ\u00e8s avec cet ensemble con\u00e7u pour les amateurs comme pour les experts ! Il inclut :  Livret de cartes plastifi\u00e9es exclusives : Des astuces et techniques de professionnels pour d\u00e9busquer les plus belles truites mouchet\u00e9es. Chaque carte est waterproof pour une utilisation pratique sur le terrain.  Trois cuill\u00e8res vari\u00e9es : Des tailles et couleurs distinctes, peinte \u00e0 la main, id\u00e9ales pour s\u00e9duire les truites dans toutes les conditions. Ces leurres soigneusement s\u00e9lectionn\u00e9s maximisent vos chances d\u2019une prise spectaculaire.  Que ce soit pour explorer un lac paisible ou dompter une rivi\u00e8re agit\u00e9e, cet ensemble est votre alli\u00e9 ultime pour capturer de grosses truites mouchet\u00e9es. Ne laissez plus vos troph\u00e9es vous \u00e9chapper \u2013 optez pour la qualit\u00e9 et l\u2019expertise d\u00e8s aujourd\u2019hui ! ** LE CHOIX DU MOD\u00c8LE DE CUILLI\u00c8RE EST DIFF\u00c9RENT DANS CHAQUE ENSEMBLE\u00a0 ** ** TOUT LES ENVOIS SE FONT LES MERCREDIS PAR LA POSTE STANDARD ET SONT GRATUIT**\" \/>\n<meta property=\"og:url\" content=\"https:\/\/opemisca.com\/blog\/produit\/ensemble-truite-mouchetee\/\" \/>\n<meta property=\"og:site_name\" content=\"Les Leurres Op\u00e9misca\" \/>\n<meta property=\"article:publisher\" content=\"https:\/\/www.facebook.com\/lesleurresopemisca\/\" \/>\n<meta property=\"article:modified_time\" content=\"2025-06-28T12:51:17+00:00\" \/>\n<meta property=\"og:image\" content=\"https:\/\/opemisca.com\/blog\/wp-content\/uploads\/2025\/04\/truite4.jpg\" \/>\n\t<meta property=\"og:image:width\" content=\"1536\" \/>\n\t<meta property=\"og:image:height\" content=\"2048\" \/>\n\t<meta property=\"og:image:type\" content=\"image\/jpeg\" \/>\n<meta name=\"twitter:card\" content=\"summary_large_image\" \/>\n<meta name=\"twitter:label1\" content=\"Dur\u00e9e de lecture estim\u00e9e\" \/>\n\t<meta name=\"twitter:data1\" content=\"2 minutes\" \/>\n<script type=\"application\/ld+json\" class=\"yoast-schema-graph\">{\"@context\":\"https:\/\/schema.org\",\"@graph\":[{\"@type\":\"WebPage\",\"@id\":\"https:\/\/opemisca.com\/blog\/produit\/ensemble-truite-mouchetee\/\",\"url\":\"https:\/\/opemisca.com\/blog\/produit\/ensemble-truite-mouchetee\/\",\"name\":\"Ensemble Truite mouchet\u00e9e !! - Les Leurres Op\u00e9misca\",\"isPartOf\":{\"@id\":\"https:\/\/opemisca.com\/blog\/#website\"},\"primaryImageOfPage\":{\"@id\":\"https:\/\/opemisca.com\/blog\/produit\/ensemble-truite-mouchetee\/#primaryimage\"},\"image\":{\"@id\":\"https:\/\/opemisca.com\/blog\/produit\/ensemble-truite-mouchetee\/#primaryimage\"},\"thumbnailUrl\":\"https:\/\/i0.wp.com\/opemisca.com\/blog\/wp-content\/uploads\/2025\/04\/truite4.jpg?fit=1536%2C2048&ssl=1\",\"datePublished\":\"2025-04-16T22:49:28+00:00\",\"dateModified\":\"2025-06-28T12:51:17+00:00\",\"breadcrumb\":{\"@id\":\"https:\/\/opemisca.com\/blog\/produit\/ensemble-truite-mouchetee\/#breadcrumb\"},\"inLanguage\":\"fr-FR\",\"potentialAction\":[{\"@type\":\"ReadAction\",\"target\":[\"https:\/\/opemisca.com\/blog\/produit\/ensemble-truite-mouchetee\/\"]}]},{\"@type\":\"ImageObject\",\"inLanguage\":\"fr-FR\",\"@id\":\"https:\/\/opemisca.com\/blog\/produit\/ensemble-truite-mouchetee\/#primaryimage\",\"url\":\"https:\/\/i0.wp.com\/opemisca.com\/blog\/wp-content\/uploads\/2025\/04\/truite4.jpg?fit=1536%2C2048&ssl=1\",\"contentUrl\":\"https:\/\/i0.wp.com\/opemisca.com\/blog\/wp-content\/uploads\/2025\/04\/truite4.jpg?fit=1536%2C2048&ssl=1\",\"width\":1536,\"height\":2048},{\"@type\":\"BreadcrumbList\",\"@id\":\"https:\/\/opemisca.com\/blog\/produit\/ensemble-truite-mouchetee\/#breadcrumb\",\"itemListElement\":[{\"@type\":\"ListItem\",\"position\":1,\"name\":\"Accueil\",\"item\":\"https:\/\/opemisca.com\/blog\/\"},{\"@type\":\"ListItem\",\"position\":2,\"name\":\"Boutique\",\"item\":\"https:\/\/opemisca.com\/blog\/boutique\/\"},{\"@type\":\"ListItem\",\"position\":3,\"name\":\"Ensemble Truite mouchet\u00e9e !!\"}]},{\"@type\":\"WebSite\",\"@id\":\"https:\/\/opemisca.com\/blog\/#website\",\"url\":\"https:\/\/opemisca.com\/blog\/\",\"name\":\"Les Leurres Op\u00e9misca\",\"description\":\"Passionn\u00e9 de p\u00eache sportive\",\"publisher\":{\"@id\":\"https:\/\/opemisca.com\/blog\/#organization\"},\"potentialAction\":[{\"@type\":\"SearchAction\",\"target\":{\"@type\":\"EntryPoint\",\"urlTemplate\":\"https:\/\/opemisca.com\/blog\/?s={search_term_string}\"},\"query-input\":{\"@type\":\"PropertyValueSpecification\",\"valueRequired\":true,\"valueName\":\"search_term_string\"}}],\"inLanguage\":\"fr-FR\"},{\"@type\":\"Organization\",\"@id\":\"https:\/\/opemisca.com\/blog\/#organization\",\"name\":\"Les Leurres Op\u00e9misca\",\"url\":\"https:\/\/opemisca.com\/blog\/\",\"logo\":{\"@type\":\"ImageObject\",\"inLanguage\":\"fr-FR\",\"@id\":\"https:\/\/opemisca.com\/blog\/#\/schema\/logo\/image\/\",\"url\":\"https:\/\/i0.wp.com\/opemisca.com\/blog\/wp-content\/uploads\/2018\/07\/logosharp.png?fit=357%2C213&ssl=1\",\"contentUrl\":\"https:\/\/i0.wp.com\/opemisca.com\/blog\/wp-content\/uploads\/2018\/07\/logosharp.png?fit=357%2C213&ssl=1\",\"width\":357,\"height\":213,\"caption\":\"Les Leurres Op\u00e9misca\"},\"image\":{\"@id\":\"https:\/\/opemisca.com\/blog\/#\/schema\/logo\/image\/\"},\"sameAs\":[\"https:\/\/www.facebook.com\/lesleurresopemisca\/\"]}]}<\/script>\n<!-- \/ Yoast SEO plugin. -->","yoast_head_json":{"title":"Ensemble Truite mouchet\u00e9e !! - Les Leurres Op\u00e9misca","robots":{"index":"index","follow":"follow","max-snippet":"max-snippet:-1","max-image-preview":"max-image-preview:large","max-video-preview":"max-video-preview:-1"},"canonical":"https:\/\/opemisca.com\/blog\/produit\/ensemble-truite-mouchetee\/","og_locale":"fr_FR","og_type":"article","og_title":"Ensemble Truite mouchet\u00e9e !! - Les Leurres Op\u00e9misca","og_description":"Ensemble Truite Mouchet\u00e9e \u2013 L'arme secr\u00e8te des p\u00eacheurs avertis ! Transformez vos sorties de p\u00eache en v\u00e9ritables succ\u00e8s avec cet ensemble con\u00e7u pour les amateurs comme pour les experts ! Il inclut :  Livret de cartes plastifi\u00e9es exclusives : Des astuces et techniques de professionnels pour d\u00e9busquer les plus belles truites mouchet\u00e9es. Chaque carte est waterproof pour une utilisation pratique sur le terrain.  Trois cuill\u00e8res vari\u00e9es : Des tailles et couleurs distinctes, peinte \u00e0 la main, id\u00e9ales pour s\u00e9duire les truites dans toutes les conditions. Ces leurres soigneusement s\u00e9lectionn\u00e9s maximisent vos chances d\u2019une prise spectaculaire.  Que ce soit pour explorer un lac paisible ou dompter une rivi\u00e8re agit\u00e9e, cet ensemble est votre alli\u00e9 ultime pour capturer de grosses truites mouchet\u00e9es. Ne laissez plus vos troph\u00e9es vous \u00e9chapper \u2013 optez pour la qualit\u00e9 et l\u2019expertise d\u00e8s aujourd\u2019hui ! ** LE CHOIX DU MOD\u00c8LE DE CUILLI\u00c8RE EST DIFF\u00c9RENT DANS CHAQUE ENSEMBLE\u00a0 ** ** TOUT LES ENVOIS SE FONT LES MERCREDIS PAR LA POSTE STANDARD ET SONT GRATUIT**","og_url":"https:\/\/opemisca.com\/blog\/produit\/ensemble-truite-mouchetee\/","og_site_name":"Les Leurres Op\u00e9misca","article_publisher":"https:\/\/www.facebook.com\/lesleurresopemisca\/","article_modified_time":"2025-06-28T12:51:17+00:00","og_image":[{"width":1536,"height":2048,"url":"https:\/\/opemisca.com\/blog\/wp-content\/uploads\/2025\/04\/truite4.jpg","type":"image\/jpeg"}],"twitter_card":"summary_large_image","twitter_misc":{"Dur\u00e9e de lecture estim\u00e9e":"2 minutes"},"schema":{"@context":"https:\/\/schema.org","@graph":[{"@type":"WebPage","@id":"https:\/\/opemisca.com\/blog\/produit\/ensemble-truite-mouchetee\/","url":"https:\/\/opemisca.com\/blog\/produit\/ensemble-truite-mouchetee\/","name":"Ensemble Truite mouchet\u00e9e !! - Les Leurres Op\u00e9misca","isPartOf":{"@id":"https:\/\/opemisca.com\/blog\/#website"},"primaryImageOfPage":{"@id":"https:\/\/opemisca.com\/blog\/produit\/ensemble-truite-mouchetee\/#primaryimage"},"image":{"@id":"https:\/\/opemisca.com\/blog\/produit\/ensemble-truite-mouchetee\/#primaryimage"},"thumbnailUrl":"https:\/\/i0.wp.com\/opemisca.com\/blog\/wp-content\/uploads\/2025\/04\/truite4.jpg?fit=1536%2C2048&ssl=1","datePublished":"2025-04-16T22:49:28+00:00","dateModified":"2025-06-28T12:51:17+00:00","breadcrumb":{"@id":"https:\/\/opemisca.com\/blog\/produit\/ensemble-truite-mouchetee\/#breadcrumb"},"inLanguage":"fr-FR","potentialAction":[{"@type":"ReadAction","target":["https:\/\/opemisca.com\/blog\/produit\/ensemble-truite-mouchetee\/"]}]},{"@type":"ImageObject","inLanguage":"fr-FR","@id":"https:\/\/opemisca.com\/blog\/produit\/ensemble-truite-mouchetee\/#primaryimage","url":"https:\/\/i0.wp.com\/opemisca.com\/blog\/wp-content\/uploads\/2025\/04\/truite4.jpg?fit=1536%2C2048&ssl=1","contentUrl":"https:\/\/i0.wp.com\/opemisca.com\/blog\/wp-content\/uploads\/2025\/04\/truite4.jpg?fit=1536%2C2048&ssl=1","width":1536,"height":2048},{"@type":"BreadcrumbList","@id":"https:\/\/opemisca.com\/blog\/produit\/ensemble-truite-mouchetee\/#breadcrumb","itemListElement":[{"@type":"ListItem","position":1,"name":"Accueil","item":"https:\/\/opemisca.com\/blog\/"},{"@type":"ListItem","position":2,"name":"Boutique","item":"https:\/\/opemisca.com\/blog\/boutique\/"},{"@type":"ListItem","position":3,"name":"Ensemble Truite mouchet\u00e9e !!"}]},{"@type":"WebSite","@id":"https:\/\/opemisca.com\/blog\/#website","url":"https:\/\/opemisca.com\/blog\/","name":"Les Leurres Op\u00e9misca","description":"Passionn\u00e9 de p\u00eache sportive","publisher":{"@id":"https:\/\/opemisca.com\/blog\/#organization"},"potentialAction":[{"@type":"SearchAction","target":{"@type":"EntryPoint","urlTemplate":"https:\/\/opemisca.com\/blog\/?s={search_term_string}"},"query-input":{"@type":"PropertyValueSpecification","valueRequired":true,"valueName":"search_term_string"}}],"inLanguage":"fr-FR"},{"@type":"Organization","@id":"https:\/\/opemisca.com\/blog\/#organization","name":"Les Leurres Op\u00e9misca","url":"https:\/\/opemisca.com\/blog\/","logo":{"@type":"ImageObject","inLanguage":"fr-FR","@id":"https:\/\/opemisca.com\/blog\/#\/schema\/logo\/image\/","url":"https:\/\/i0.wp.com\/opemisca.com\/blog\/wp-content\/uploads\/2018\/07\/logosharp.png?fit=357%2C213&ssl=1","contentUrl":"https:\/\/i0.wp.com\/opemisca.com\/blog\/wp-content\/uploads\/2018\/07\/logosharp.png?fit=357%2C213&ssl=1","width":357,"height":213,"caption":"Les Leurres Op\u00e9misca"},"image":{"@id":"https:\/\/opemisca.com\/blog\/#\/schema\/logo\/image\/"},"sameAs":["https:\/\/www.facebook.com\/lesleurresopemisca\/"]}]}},"jetpack_publicize_connections":[],"jetpack_sharing_enabled":true,"jetpack_likes_enabled":true,"jetpack-related-posts":[],"_links":{"self":[{"href":"https:\/\/opemisca.com\/blog\/wp-json\/wp\/v2\/product\/4860","targetHints":{"allow":["GET"]}}],"collection":[{"href":"https:\/\/opemisca.com\/blog\/wp-json\/wp\/v2\/product"}],"about":[{"href":"https:\/\/opemisca.com\/blog\/wp-json\/wp\/v2\/types\/product"}],"wp:featuredmedia":[{"embeddable":true,"href":"https:\/\/opemisca.com\/blog\/wp-json\/wp\/v2\/media\/4874"}],"wp:attachment":[{"href":"https:\/\/opemisca.com\/blog\/wp-json\/wp\/v2\/media?parent=4860"}],"wp:term":[{"taxonomy":"product_brand","embeddable":true,"href":"https:\/\/opemisca.com\/blog\/wp-json\/wp\/v2\/product_brand?post=4860"},{"taxonomy":"product_cat","embeddable":true,"href":"https:\/\/opemisca.com\/blog\/wp-json\/wp\/v2\/product_cat?post=4860"},{"taxonomy":"product_tag","embeddable":true,"href":"https:\/\/opemisca.com\/blog\/wp-json\/wp\/v2\/product_tag?post=4860"}],"curies":[{"name":"wp","href":"https:\/\/api.w.org\/{rel}","templated":true}]}}